{"id":185,"date":"2024-01-13T16:34:19","date_gmt":"2024-01-13T15:34:19","guid":{"rendered":"https:\/\/campingdesecureuils.fr\/?page_id=185"},"modified":"2024-01-13T16:34:19","modified_gmt":"2024-01-13T15:34:19","slug":"terms-and-conditions","status":"publish","type":"page","link":"https:\/\/campingdesecureuils.fr\/?page_id=185","title":{"rendered":"Terms and Conditions"},"content":{"rendered":"\n<h3 class=\"wp-block-heading\"><strong>Stay and booking<\/strong><\/h3>\n\n\n\n<p>The campsite is open from May to September.<\/p>\n\n\n\n<p>We strongly recommend that you book if you wish to stay especially during July and August.<\/p>\n\n\n\n<p>In July and August, all rentals are on a weekly basis&nbsp;from Saturday to Saturday.&nbsp;<\/p>\n\n\n\n<p>All reservations must be accompanied by a&nbsp; deposit of 30% (or one night if less than 20 euros), the balance paid on arrival for campers and a month in advance for the rentals.<\/p>\n\n\n\n<h3 class=\"wp-block-heading\"><strong>Arrival and Departure<\/strong><\/h3>\n\n\n\n<p>Camping pitches are available from 1pm and must be vacated by&nbsp;noon&nbsp;on the day of departure.<\/p>\n\n\n\n<p>Rental accommodation is available from&nbsp;4pm&nbsp;and must be vacated by&nbsp;10 am&nbsp;on the day of the departure.<\/p>\n\n\n\n<p>During the low season you can arrive until 7pm and during July and August until 9pm.<\/p>\n\n\n\n<p>In case of later arrival, please let us know as soon as possible.&nbsp;<\/p>\n\n\n\n<p>The rental price includes:<\/p>\n\n\n\n<ul class=\"wp-block-list\">\n<li>The maximum number of persons stated in relevant rental location<\/li>\n\n\n\n<li>Parking for one vehicle. (There is an extra charge for additional vehicles and trailers)<\/li>\n\n\n\n<li>Consumption of water, electricity, gas<\/li>\n<\/ul>\n\n\n\n<p>Not included is:<\/p>\n\n\n\n<ul class=\"wp-block-list\">\n<li>Towels<\/li>\n\n\n\n<li>Tourist Tax<\/li>\n<\/ul>\n\n\n\n<h3 class=\"wp-block-heading\"><strong>Animals<\/strong><\/h3>\n\n\n\n<p>Pets are allowed, except in the new 5 bed chalets.<\/p>\n\n\n\n<p>Dogs must be tattooed or microchipped, vaccinated and kept on a leash. The certificate of rabies vaccination must be available to view.<\/p>\n\n\n\n<p>In accordance with Article 211-1 of the law of 6 January 1999 relating to \u201cdangerous and stray animals and to the protection of domestic animals\u201d&nbsp; Category 1: Attack dogs: are prohibited. The 2nd category : Guard dogs: must be kept on a lead by an adult&nbsp;(Art.211-5 RC) and muzzled. These dogs must be registered with a pedigree which is recognised by the French Ministry of Agriculture and Fisheries.<\/p>\n\n\n\n<p>We ask you keep your dog under control at all times, not only on the campsite but also in the valley, please don\u2019t lock&nbsp;them up;&nbsp; don\u2019t leave them alone and don\u2019t let&nbsp;them bark.<\/p>\n\n\n\n<h3 class=\"wp-block-heading\"><strong>Baby Equipment<\/strong><\/h3>\n\n\n\n<p>The Shower block is equipped with a baby changing table and baby bath.<\/p>\n\n\n\n<p>A baby bed is available on request when booking for rental accomodation<\/p>\n\n\n\n<h3 class=\"wp-block-heading\"><strong>Accessibility<\/strong><\/h3>\n\n\n\n<p>All of our pitches for tents, caravans or camping cars are accessible via gravel lined roadways.<\/p>\n\n\n\n<p>There is a shower room and toilet adapted for people with reduced mobility (Please ask for a key at reception).&nbsp;<\/p>\n\n\n\n<h3 class=\"wp-block-heading\"><strong>Visitors<\/strong><\/h3>\n\n\n\n<p>If you wish to receive visitors, please inform the reception, there is no charge unless staying over night<\/p>\n\n\n\n<h3 class=\"wp-block-heading\"><strong>Tourist Tax<\/strong><\/h3>\n\n\n\n<p>A tourist tax is collected by the campsite on behalf of the municipality of Chamonix. The amount is \u20ac 0.20 per night per person over 18 years.<\/p>\n\n\n\n<h3 class=\"wp-block-heading\"><strong>General conditions<\/strong><\/h3>\n\n\n\n<ol class=\"wp-block-list\">\n<li>La r\u00e9servation est un contrat personnel. Il ne peut pas \u00eatre transf\u00e9r\u00e9 et la sous-location n\u2019est pas autoris\u00e9e. Toutes les r\u00e9servations doivent \u00eatre accompagn\u00e9es d\u2019un acompte \u00e9gal \u00e0 30% du prix total de la location.<\/li>\n\n\n\n<li>Les arriv\u00e9es pour les locations sont autoris\u00e9es entre 16h00 et 20h00 (en cas de retard, merci de nous pr\u00e9venir) et les d\u00e9parts jusqu\u2019\u00e0 10h00. Les locations sont uniquement hebdomadaires, du samedi au samedi sauf demande pr\u00e9alable. Les campeurs peuvent arriver \u00e0 partir du midi et partir avant midi.<\/li>\n\n\n\n<li>La r\u00e9servation est valide apr\u00e8s confirmation \u00e9crite ou par courrier \u00e9lectronique de notre part apr\u00e8s la r\u00e9ception d\u2019acompte. Le solde est payable au moins 4 semaines avant votre arriv\u00e9e sur le camping pour les locations et le jour d\u2019arriv\u00e9e pour les campeurs.<\/li>\n\n\n\n<li>Toute annulation doit \u00eatre notifi\u00e9e par lettre ou email, la date de r\u00e9ception d\u00e9terminant la date d\u2019annulation.<\/li>\n\n\n\n<li>En cas d\u2019annulation, les frais suivants seront factur\u00e9s: Le co\u00fbt total du s\u00e9jour si vous annulez moins de 30 jours avant la date d\u2019arriv\u00e9e pr\u00e9vue ou si vous ne vous pr\u00e9sentez pas \u00e0 cette date. Aucun remboursement ne sera effectu\u00e9 en cas d\u2019arriv\u00e9e retard\u00e9e ou de d\u00e9part anticip\u00e9.<\/li>\n\n\n\n<li>A votre arriv\u00e9e, il vous sera demand\u00e9 une caution de 200 \u20ac pour les chalets et autres h\u00e9bergements locatifs, ce qui inclut les d\u00e9g\u00e2ts mat\u00e9riels et la propret\u00e9 de l\u2019h\u00e9bergement le jour de votre d\u00e9part. Il vous sera rembours\u00e9 \u00e0 la fin de votre s\u00e9jour, d\u00e9duction faite des frais li\u00e9s aux articles manquants ou endommag\u00e9s. Le nettoyage est \u00e0 la charge du locataire. Sauf si vous avez pay\u00e9 le \u00abm\u00e9nage de fin de s\u00e9jour\u00bb optionnel, les chalets et autres logements en location doivent \u00eatre restitu\u00e9s en parfait \u00e9tat de propret\u00e9. Sinon, un montant minimum de 50 \u20ac sera retenu sur le d\u00e9p\u00f4t.<\/li>\n\n\n\n<li>Les r\u00e9sidents doivent respecter \u00e0 tout moment les r\u00e8gles du camping, notamment celles concernant les niveaux sonores nocturnes. Des exemplaires des r\u00e8gles et r\u00e8glements du camping sont disponibles \u00e0 la r\u00e9ception et seront envoy\u00e9s sur demande.<\/li>\n\n\n\n<li>Une assurance de responsabilit\u00e9 civile est obligatoire. Le certificat d\u2019assurance doit \u00eatre renvoy\u00e9 avec le formulaire de r\u00e9servation. La direction n\u2019est pas responsable en cas de vol, perte, dommage de quelque nature que ce soit pendant ou apr\u00e8s votre s\u00e9jour.<\/li>\n\n\n\n<li>Tout litige \u00e9ventuel sera trait\u00e9 en exclusivit\u00e9 par le Tribunal d\u2019instance Bonneville 16170, 18 quai du Parquet, BP 136, 74136 BONNEVILLE CEDEX. La version fran\u00e7aise de la convention est consid\u00e9r\u00e9e comme faisant foi.<\/li>\n<\/ol>\n\n\n\n<h3 class=\"wp-block-heading\"><strong>Insurance when renting accommodation in France&nbsp;<\/strong><\/h3>\n\n\n\n<p>Point 8 from our general terms and conditions is mandatory when renting to French guests and is meant to draw your attention on the following point :&nbsp;<\/p>\n\n\n\n<p>Residents in France are required to have public liability insurance \u2013 \u201cassurance responsibilite civile\u201d, which is usually included in home insurance or available as an add-on. This covers them if they damage another person\u2019s house. Then, the home owner claims on the individuals insurance, not their own, as French rental insurance does not cover damage caused by guests. That\u2019s why holiday let owners may ask for proof of insurance, as its common procedure in France.<\/p>\n\n\n\n<p>We know it may be difficult for a person based in the UK to get cover specifically designed to cover their liability for a rental in France and consequently will not require copy of insurance certificate.&nbsp; A comprehensive travel insurance or home insurance policy should provide public liability insurance cover for damage to 3rd party property.&nbsp;<\/p>\n\n\n\n<p>These details are considered necessary in order to avoid any misunderstanding. We shall look upon you, as always, as our very welcome guests, and are confident that you will take away with you happy memories of your holiday at Camping des Ecureuils.<\/p>\n","protected":false},"excerpt":{"rendered":"<p>Stay and booking The campsite is open from May to September. We strongly recommend that you book if you wish to stay especially during July and August. In July and August, all rentals are on a weekly basis&nbsp;from Saturday to Saturday.&nbsp; All reservations must be accompanied by a&nbsp; deposit of 30% (or one night if [&hellip;]<\/p>\n","protected":false},"author":1,"featured_media":0,"parent":0,"menu_order":0,"comment_status":"closed","ping_status":"closed","template":"","meta":{"footnotes":""},"class_list":["post-185","page","type-page","status-publish","hentry"],"_links":{"self":[{"href":"https:\/\/campingdesecureuils.fr\/index.php?rest_route=\/wp\/v2\/pages\/185","targetHints":{"allow":["GET"]}}],"collection":[{"href":"https:\/\/campingdesecureuils.fr\/index.php?rest_route=\/wp\/v2\/pages"}],"about":[{"href":"https:\/\/campingdesecureuils.fr\/index.php?rest_route=\/wp\/v2\/types\/page"}],"author":[{"embeddable":true,"href":"https:\/\/campingdesecureuils.fr\/index.php?rest_route=\/wp\/v2\/users\/1"}],"replies":[{"embeddable":true,"href":"https:\/\/campingdesecureuils.fr\/index.php?rest_route=%2Fwp%2Fv2%2Fcomments&post=185"}],"version-history":[{"count":1,"href":"https:\/\/campingdesecureuils.fr\/index.php?rest_route=\/wp\/v2\/pages\/185\/revisions"}],"predecessor-version":[{"id":191,"href":"https:\/\/campingdesecureuils.fr\/index.php?rest_route=\/wp\/v2\/pages\/185\/revisions\/191"}],"wp:attachment":[{"href":"https:\/\/campingdesecureuils.fr\/index.php?rest_route=%2Fwp%2Fv2%2Fmedia&parent=185"}],"curies":[{"name":"wp","href":"https:\/\/api.w.org\/{rel}","templated":true}]}}